{"id":813,"date":"2023-12-04T11:51:33","date_gmt":"2023-12-04T14:51:33","guid":{"rendered":"https:\/\/radiologiahub.com\/?page_id=813"},"modified":"2023-12-06T14:35:32","modified_gmt":"2023-12-06T17:35:32","slug":"ensino-pesquisa","status":"publish","type":"page","link":"https:\/\/radiologiahub.com\/index.php\/ensino-pesquisa\/","title":{"rendered":"Ensino &#038; pesquisa"},"content":{"rendered":"\t\t<div data-elementor-type=\"wp-page\" data-elementor-id=\"813\" class=\"elementor elementor-813\" data-elementor-post-type=\"page\">\n\t\t\t\t\t\t<section class=\"elementor-section elementor-top-section elementor-element elementor-element-310d1fa elementor-section-boxed elementor-section-height-default elementor-section-height-default\" data-id=\"310d1fa\" data-element_type=\"section\" data-settings=\"{&quot;background_background&quot;:&quot;classic&quot;}\">\n\t\t\t\t\t\t<div class=\"elementor-container elementor-column-gap-default\">\n\t\t\t\t\t<div class=\"elementor-column elementor-col-100 elementor-top-column elementor-element elementor-element-ff7115a\" data-id=\"ff7115a\" data-element_type=\"column\" data-settings=\"{&quot;background_background&quot;:&quot;classic&quot;}\">\n\t\t\t<div class=\"elementor-widget-wrap elementor-element-populated\">\n\t\t\t\t\t<div class=\"elementor-background-overlay\"><\/div>\n\t\t\t\t\t\t<div class=\"elementor-element elementor-element-1fcbf43 elementor-widget elementor-widget-heading\" data-id=\"1fcbf43\" data-element_type=\"widget\" data-widget_type=\"heading.default\">\n\t\t\t\t<div class=\"elementor-widget-container\">\n\t\t\t\t\t<h2 class=\"elementor-heading-title elementor-size-default\">Ensino &amp; Pesquisa<\/h2>\t\t\t\t<\/div>\n\t\t\t\t<\/div>\n\t\t\t\t<div class=\"elementor-element elementor-element-80ad79c elementor-widget elementor-widget-text-editor\" data-id=\"80ad79c\" data-element_type=\"widget\" data-widget_type=\"text-editor.default\">\n\t\t\t\t<div class=\"elementor-widget-container\">\n\t\t\t\t\t\t\t\t\t<p>Esse \u00e9 o nosso reposit\u00f3rio digital, aqui voc\u00ea pode acessar a produ\u00e7\u00e3o cient\u00edfica relacionada a \u00e1rea de tecnologia em radiologia.<\/p><p>Para incluir sua tese, disserta\u00e7\u00e3o, artigo ou outra produ\u00e7\u00e3o cient\u00edfica em nossa base de dados, <a href=\"https:\/\/radiologiahub.com\/index.php\/fale-com-a-gente\/\">entre em contato conosco.<\/a><\/p>\t\t\t\t\t\t\t\t<\/div>\n\t\t\t\t<\/div>\n\t\t\t\t<div class=\"elementor-element elementor-element-56b5107 elementor-widget elementor-widget-heading\" data-id=\"56b5107\" data-element_type=\"widget\" data-widget_type=\"heading.default\">\n\t\t\t\t<div class=\"elementor-widget-container\">\n\t\t\t\t\t<h2 class=\"elementor-heading-title elementor-size-default\">Banco de teses e disserta\u00e7\u00f5es<\/h2>\t\t\t\t<\/div>\n\t\t\t\t<\/div>\n\t\t\t\t<div class=\"elementor-element elementor-element-1032f1d elementor-widget elementor-widget-eael-advanced-data-table\" data-id=\"1032f1d\" data-element_type=\"widget\" data-widget_type=\"eael-advanced-data-table.default\">\n\t\t\t\t<div class=\"elementor-widget-container\">\n\t\t\t\t\t<div class=\"ea-advanced-data-table-wrap\" data-id=\"1032f1d\"><div class=\"ea-advanced-data-table-search-wrap ea-advanced-data-table-search-left\"><input type=\"search\" placeholder=\"Pesquisar\" class=\"ea-advanced-data-table-search\"><\/div><div class=\"ea-advanced-data-table-wrap-inner\">\n                <table class=\"ea-advanced-data-table ea-advanced-data-table-static ea-advanced-data-table-1032f1d ea-advanced-data-table-sortable ea-advanced-data-table-paginated ea-advanced-data-table-searchable\" data-id=\"1032f1d\" data-items-per-page=\"10\"><thead><tr><th style=\"width: 269px\"><p>Nome<\/p><\/th><th style=\"width: 191px\"><p>T\u00edtulo<\/p><\/th><th style=\"width: 226px\"><p>\u00c1rea<\/p><\/th><th><p>Arquivo<\/p><\/th><\/tr><\/thead><tbody><tr><td><p>Nome teste<\/p><\/td><td><p>T\u00edtulo teste<\/p><\/td><td><p>Radiodiagn\u00f3stico<\/p><\/td><td><p><a href=\"https:\/\/drive.google.com\/uc?export=download&amp;id=15dXcOfwt0iiKS19elXxQ5DHxgrgx9Ht5\" target=\"_blank\"><strong>Download da Disserta\u00e7\u00e3o<\/strong><\/a><\/p><\/td><\/tr><tr><td><\/td><td><\/td><td><\/td><td><\/td><\/tr><tr><td><\/td><td><\/td><td><\/td><td><\/td><\/tr><tr><td><\/td><td><\/td><td><\/td><td><\/td><\/tr><\/tbody><\/table>\n            <\/div><div class=\"ea-advanced-data-table-pagination ea-advanced-data-table-pagination-button clearfix\"><\/div><\/div>\t\t\t\t<\/div>\n\t\t\t\t<\/div>\n\t\t\t\t<div class=\"elementor-element elementor-element-9bfd83d elementor-widget elementor-widget-heading\" data-id=\"9bfd83d\" data-element_type=\"widget\" data-widget_type=\"heading.default\">\n\t\t\t\t<div class=\"elementor-widget-container\">\n\t\t\t\t\t<h2 class=\"elementor-heading-title elementor-size-default\">Banco de publica\u00e7\u00f5es<\/h2>\t\t\t\t<\/div>\n\t\t\t\t<\/div>\n\t\t\t\t\t<\/div>\n\t\t<\/div>\n\t\t\t\t\t<\/div>\n\t\t<\/section>\n\t\t\t\t<\/div>\n\t\t","protected":false},"excerpt":{"rendered":"<p>Ensino &#038; Pesquisa Esse \u00e9 o nosso reposit\u00f3rio digital, aqui voc\u00ea pode acessar a produ\u00e7\u00e3o cient\u00edfica relacionada a \u00e1rea de tecnologia em radiologia. Para incluir sua tese, disserta\u00e7\u00e3o, artigo ou outra produ\u00e7\u00e3o cient\u00edfica em nossa base de dados, entre em contato conosco. Banco de teses e disserta\u00e7\u00f5es Nome T\u00edtulo \u00c1rea Arquivo Nome teste T\u00edtulo teste [&hellip;]<\/p>\n","protected":false},"author":4,"featured_media":0,"parent":0,"menu_order":0,"comment_status":"closed","ping_status":"closed","template":"elementor_header_footer","meta":{"_bbp_topic_count":0,"_bbp_reply_count":0,"_bbp_total_topic_count":0,"_bbp_total_reply_count":0,"_bbp_voice_count":0,"_bbp_anonymous_reply_count":0,"_bbp_topic_count_hidden":0,"_bbp_reply_count_hidden":0,"_bbp_forum_subforum_count":0,"_monsterinsights_skip_tracking":false,"_monsterinsights_sitenote_active":false,"_monsterinsights_sitenote_note":"","_monsterinsights_sitenote_category":0,"footnotes":""},"aioseo_notices":[],"_links":{"self":[{"href":"https:\/\/radiologiahub.com\/index.php\/wp-json\/wp\/v2\/pages\/813"}],"collection":[{"href":"https:\/\/radiologiahub.com\/index.php\/wp-json\/wp\/v2\/pages"}],"about":[{"href":"https:\/\/radiologiahub.com\/index.php\/wp-json\/wp\/v2\/types\/page"}],"author":[{"embeddable":true,"href":"https:\/\/radiologiahub.com\/index.php\/wp-json\/wp\/v2\/users\/4"}],"replies":[{"embeddable":true,"href":"https:\/\/radiologiahub.com\/index.php\/wp-json\/wp\/v2\/comments?post=813"}],"version-history":[{"count":59,"href":"https:\/\/radiologiahub.com\/index.php\/wp-json\/wp\/v2\/pages\/813\/revisions"}],"predecessor-version":[{"id":939,"href":"https:\/\/radiologiahub.com\/index.php\/wp-json\/wp\/v2\/pages\/813\/revisions\/939"}],"wp:attachment":[{"href":"https:\/\/radiologiahub.com\/index.php\/wp-json\/wp\/v2\/media?parent=813"}],"curies":[{"name":"wp","href":"https:\/\/api.w.org\/{rel}","templated":true}]}}