{"id":810,"date":"2023-12-04T11:50:54","date_gmt":"2023-12-04T14:50:54","guid":{"rendered":"https:\/\/radiologiahub.com\/?page_id=810"},"modified":"2023-12-04T12:37:26","modified_gmt":"2023-12-04T15:37:26","slug":"historia","status":"publish","type":"page","link":"https:\/\/radiologiahub.com\/index.php\/historia\/","title":{"rendered":"Hist\u00f3ria"},"content":{"rendered":"\t\t<div data-elementor-type=\"wp-page\" data-elementor-id=\"810\" class=\"elementor elementor-810\" data-elementor-post-type=\"page\">\n\t\t\t\t\t\t<section class=\"elementor-section elementor-top-section elementor-element elementor-element-eef5291 elementor-section-boxed elementor-section-height-default elementor-section-height-default\" data-id=\"eef5291\" data-element_type=\"section\" data-settings=\"{&quot;background_background&quot;:&quot;classic&quot;}\">\n\t\t\t\t\t\t<div class=\"elementor-container elementor-column-gap-default\">\n\t\t\t\t\t<div class=\"elementor-column elementor-col-100 elementor-top-column elementor-element elementor-element-97e8dbf\" data-id=\"97e8dbf\" data-element_type=\"column\" data-settings=\"{&quot;background_background&quot;:&quot;classic&quot;}\">\n\t\t\t<div class=\"elementor-widget-wrap elementor-element-populated\">\n\t\t\t\t\t\t<div class=\"elementor-element elementor-element-c3de4bf elementor-widget elementor-widget-heading\" data-id=\"c3de4bf\" data-element_type=\"widget\" data-widget_type=\"heading.default\">\n\t\t\t\t<div class=\"elementor-widget-container\">\n\t\t\t\t\t<h2 class=\"elementor-heading-title elementor-size-default\">Hist\u00f3ria<\/h2>\t\t\t\t<\/div>\n\t\t\t\t<\/div>\n\t\t\t\t<div class=\"elementor-element elementor-element-c3342e5 elementor-widget elementor-widget-text-editor\" data-id=\"c3342e5\" data-element_type=\"widget\" data-widget_type=\"text-editor.default\">\n\t\t\t\t<div class=\"elementor-widget-container\">\n\t\t\t\t\t\t\t\t\t<p>Vamos conhecer um pouco mais sobre a profiss\u00e3o? Marcos regulat\u00f3rios, pareceres e documentos importantes.<\/p>\t\t\t\t\t\t\t\t<\/div>\n\t\t\t\t<\/div>\n\t\t\t\t<div class=\"elementor-element elementor-element-1949532 elementor-widget elementor-widget-image\" data-id=\"1949532\" data-element_type=\"widget\" data-widget_type=\"image.default\">\n\t\t\t\t<div class=\"elementor-widget-container\">\n\t\t\t\t\t\t\t\t\t\t\t\t\t\t\t<img fetchpriority=\"high\" decoding=\"async\" width=\"1269\" height=\"702\" src=\"https:\/\/radiologiahub.com\/wp-content\/uploads\/2023\/12\/leis.jpg\" class=\"attachment-full size-full wp-image-822\" alt=\"\" srcset=\"https:\/\/radiologiahub.com\/wp-content\/uploads\/2023\/12\/leis.jpg 1269w, https:\/\/radiologiahub.com\/wp-content\/uploads\/2023\/12\/leis-300x166.jpg 300w, https:\/\/radiologiahub.com\/wp-content\/uploads\/2023\/12\/leis-1024x566.jpg 1024w, https:\/\/radiologiahub.com\/wp-content\/uploads\/2023\/12\/leis-768x425.jpg 768w\" sizes=\"(max-width: 1269px) 100vw, 1269px\" \/>\t\t\t\t\t\t\t\t\t\t\t\t\t\t\t<\/div>\n\t\t\t\t<\/div>\n\t\t\t\t<div class=\"elementor-element elementor-element-8adf4ab elementor-widget elementor-widget-heading\" data-id=\"8adf4ab\" data-element_type=\"widget\" data-widget_type=\"heading.default\">\n\t\t\t\t<div class=\"elementor-widget-container\">\n\t\t\t\t\t<h2 class=\"elementor-heading-title elementor-size-default\">Leis<\/h2>\t\t\t\t<\/div>\n\t\t\t\t<\/div>\n\t\t\t\t<div class=\"elementor-element elementor-element-c701205 elementor-widget elementor-widget-text-editor\" data-id=\"c701205\" data-element_type=\"widget\" data-widget_type=\"text-editor.default\">\n\t\t\t\t<div class=\"elementor-widget-container\">\n\t\t\t\t\t\t\t\t\t<p><strong><a href=\"https:\/\/www.planalto.gov.br\/ccivil_03\/leis\/1950-1969\/L1234.htm\" target=\"_blank\" rel=\"noopener\">Lei n\u00b0 1.234\/1950<\/a> <\/strong>&#8211; Confere direitos e vantagens a servidores que operam com Raios X e subst\u00e2ncias radioativas.<\/p>\t\t\t\t\t\t\t\t<\/div>\n\t\t\t\t<\/div>\n\t\t\t\t<div class=\"elementor-element elementor-element-14efdbf elementor-widget-divider--view-line elementor-widget elementor-widget-divider\" data-id=\"14efdbf\" data-element_type=\"widget\" data-widget_type=\"divider.default\">\n\t\t\t\t<div class=\"elementor-widget-container\">\n\t\t\t\t\t\t\t<div class=\"elementor-divider\">\n\t\t\t<span class=\"elementor-divider-separator\">\n\t\t\t\t\t\t<\/span>\n\t\t<\/div>\n\t\t\t\t\t\t<\/div>\n\t\t\t\t<\/div>\n\t\t\t\t<div class=\"elementor-element elementor-element-b4ba8d1 elementor-widget elementor-widget-text-editor\" data-id=\"b4ba8d1\" data-element_type=\"widget\" data-widget_type=\"text-editor.default\">\n\t\t\t\t<div class=\"elementor-widget-container\">\n\t\t\t\t\t\t\t\t\t<p><a href=\"https:\/\/www.planalto.gov.br\/ccivil_03\/leis\/l7394.htm\" target=\"_blank\" rel=\"noopener\"><strong>Lei n\u00b0 7.394\/1985<\/strong><\/a> &#8211; Regula o Exerc\u00edcio da Profiss\u00e3o de T\u00e9cnico em Radiologia, e d\u00e1 outras provid\u00eancias.<\/p>\t\t\t\t\t\t\t\t<\/div>\n\t\t\t\t<\/div>\n\t\t\t\t<div class=\"elementor-element elementor-element-1f32611 elementor-widget-divider--view-line elementor-widget elementor-widget-divider\" data-id=\"1f32611\" data-element_type=\"widget\" data-widget_type=\"divider.default\">\n\t\t\t\t<div class=\"elementor-widget-container\">\n\t\t\t\t\t\t\t<div class=\"elementor-divider\">\n\t\t\t<span class=\"elementor-divider-separator\">\n\t\t\t\t\t\t<\/span>\n\t\t<\/div>\n\t\t\t\t\t\t<\/div>\n\t\t\t\t<\/div>\n\t\t\t\t<div class=\"elementor-element elementor-element-75a2097 elementor-widget elementor-widget-text-editor\" data-id=\"75a2097\" data-element_type=\"widget\" data-widget_type=\"text-editor.default\">\n\t\t\t\t<div class=\"elementor-widget-container\">\n\t\t\t\t\t\t\t\t\t<p><a href=\"https:\/\/www.planalto.gov.br\/ccivil_03\/leis\/L9394.htm\" target=\"_blank\" rel=\"noopener\"><strong>Lei no 9.394\/1996<\/strong><\/a>\u00a0&#8211; Lei de Diretrizes e Bases da Educa\u00e7\u00e3o Nacional (LDB), em especial, os dispositivos que tratam da Educa\u00e7\u00e3o Profissional e Tecnol\u00f3gica.<\/p>\t\t\t\t\t\t\t\t<\/div>\n\t\t\t\t<\/div>\n\t\t\t\t<div class=\"elementor-element elementor-element-8917996 elementor-widget-divider--view-line elementor-widget elementor-widget-divider\" data-id=\"8917996\" data-element_type=\"widget\" data-widget_type=\"divider.default\">\n\t\t\t\t<div class=\"elementor-widget-container\">\n\t\t\t\t\t\t\t<div class=\"elementor-divider\">\n\t\t\t<span class=\"elementor-divider-separator\">\n\t\t\t\t\t\t<\/span>\n\t\t<\/div>\n\t\t\t\t\t\t<\/div>\n\t\t\t\t<\/div>\n\t\t\t\t<div class=\"elementor-element elementor-element-2bac4f7 elementor-widget elementor-widget-text-editor\" data-id=\"2bac4f7\" data-element_type=\"widget\" data-widget_type=\"text-editor.default\">\n\t\t\t\t<div class=\"elementor-widget-container\">\n\t\t\t\t\t\t\t\t\t<p><a href=\"https:\/\/www.planalto.gov.br\/ccivil_03\/leis\/2002\/l10508.htm\" target=\"_blank\" rel=\"noopener\"><strong>Lei n\u00b0 10.508\/2002<\/strong><\/a> &#8211; Altera o inciso I do art. 2o da Lei no 7.394\/1985.<\/p>\t\t\t\t\t\t\t\t<\/div>\n\t\t\t\t<\/div>\n\t\t\t\t<div class=\"elementor-element elementor-element-53229b4 elementor-widget elementor-widget-heading\" data-id=\"53229b4\" data-element_type=\"widget\" data-widget_type=\"heading.default\">\n\t\t\t\t<div class=\"elementor-widget-container\">\n\t\t\t\t\t<h2 class=\"elementor-heading-title elementor-size-default\">Decretos<\/h2>\t\t\t\t<\/div>\n\t\t\t\t<\/div>\n\t\t\t\t<div class=\"elementor-element elementor-element-d319bb5 elementor-widget elementor-widget-text-editor\" data-id=\"d319bb5\" data-element_type=\"widget\" data-widget_type=\"text-editor.default\">\n\t\t\t\t<div class=\"elementor-widget-container\">\n\t\t\t\t\t\t\t\t\t<p><a href=\"https:\/\/www.planalto.gov.br\/Ccivil_03\/decreto\/D92790.htm\" target=\"_blank\" rel=\"noopener\"><strong>Decreto no 92.790\/1986<\/strong><\/a> \u2013 Regulamenta a Lei no 7.394, de 29 de outubro de 1985, que regula o exerc\u00edcio da profiss\u00e3o de T\u00e9cnico em Radiologia e d\u00e1 outras provid\u00eancias.<\/p>\t\t\t\t\t\t\t\t<\/div>\n\t\t\t\t<\/div>\n\t\t\t\t<div class=\"elementor-element elementor-element-a73c6f7 elementor-widget-divider--view-line elementor-widget elementor-widget-divider\" data-id=\"a73c6f7\" data-element_type=\"widget\" data-widget_type=\"divider.default\">\n\t\t\t\t<div class=\"elementor-widget-container\">\n\t\t\t\t\t\t\t<div class=\"elementor-divider\">\n\t\t\t<span class=\"elementor-divider-separator\">\n\t\t\t\t\t\t<\/span>\n\t\t<\/div>\n\t\t\t\t\t\t<\/div>\n\t\t\t\t<\/div>\n\t\t\t\t<div class=\"elementor-element elementor-element-10bf434 elementor-widget elementor-widget-text-editor\" data-id=\"10bf434\" data-element_type=\"widget\" data-widget_type=\"text-editor.default\">\n\t\t\t\t<div class=\"elementor-widget-container\">\n\t\t\t\t\t\t\t\t\t<p><a href=\"https:\/\/www.planalto.gov.br\/ccivil_03\/_ato2004-2006\/2004\/decreto\/d5211.htm\" target=\"_blank\" rel=\"noopener\"><strong>Decreto no 5.211\/2004<\/strong><\/a> \u2013 Revoga o art. 18 do Decreto no 92.790, de 17 de junho de 1986, que regulamenta a Lei no 7.394, de 29 de outubro de 1985, que regula o exerc\u00edcio da profiss\u00e3o de T\u00e9cnico em Radiologia<\/p>\t\t\t\t\t\t\t\t<\/div>\n\t\t\t\t<\/div>\n\t\t\t\t<div class=\"elementor-element elementor-element-301310e elementor-widget-divider--view-line elementor-widget elementor-widget-divider\" data-id=\"301310e\" data-element_type=\"widget\" data-widget_type=\"divider.default\">\n\t\t\t\t<div class=\"elementor-widget-container\">\n\t\t\t\t\t\t\t<div class=\"elementor-divider\">\n\t\t\t<span class=\"elementor-divider-separator\">\n\t\t\t\t\t\t<\/span>\n\t\t<\/div>\n\t\t\t\t\t\t<\/div>\n\t\t\t\t<\/div>\n\t\t\t\t<div class=\"elementor-element elementor-element-36f75d2 elementor-widget elementor-widget-text-editor\" data-id=\"36f75d2\" data-element_type=\"widget\" data-widget_type=\"text-editor.default\">\n\t\t\t\t<div class=\"elementor-widget-container\">\n\t\t\t\t\t\t\t\t\t<p><a href=\"https:\/\/www.planalto.gov.br\/ccivil_03\/_ato2004-2006\/2004\/decreto\/d5154.htm\" target=\"_blank\" rel=\"noopener\"><strong>Decreto no 5.154\/2004<\/strong><\/a> &#8211; Que regulamenta dispositivos da LDB no tocante a educa\u00e7\u00e3o profissional e tecnol\u00f3gica.<\/p>\t\t\t\t\t\t\t\t<\/div>\n\t\t\t\t<\/div>\n\t\t\t\t<div class=\"elementor-element elementor-element-51dce91 elementor-widget-divider--view-line elementor-widget elementor-widget-divider\" data-id=\"51dce91\" data-element_type=\"widget\" data-widget_type=\"divider.default\">\n\t\t\t\t<div class=\"elementor-widget-container\">\n\t\t\t\t\t\t\t<div class=\"elementor-divider\">\n\t\t\t<span class=\"elementor-divider-separator\">\n\t\t\t\t\t\t<\/span>\n\t\t<\/div>\n\t\t\t\t\t\t<\/div>\n\t\t\t\t<\/div>\n\t\t\t\t<div class=\"elementor-element elementor-element-1f44678 elementor-widget elementor-widget-text-editor\" data-id=\"1f44678\" data-element_type=\"widget\" data-widget_type=\"text-editor.default\">\n\t\t\t\t<div class=\"elementor-widget-container\">\n\t\t\t\t\t\t\t\t\t<p><a href=\"https:\/\/www.planalto.gov.br\/ccivil_03\/_ato2015-2018\/2018\/decreto\/D9531.htm\" target=\"_blank\" rel=\"noopener\"><strong>Decreto no 9.531\/2018<\/strong><\/a> \u2013 Altera o Decreto no 92.790, de 17 de junho de 1986, que regulamenta a Lei no 7.394, de 29 de outubro de 1985, e regula o exerc\u00edcio da profiss\u00e3o de T\u00e9cnico em Radiologia.<\/p>\t\t\t\t\t\t\t\t<\/div>\n\t\t\t\t<\/div>\n\t\t\t\t<div class=\"elementor-element elementor-element-04a8405 elementor-widget elementor-widget-heading\" data-id=\"04a8405\" data-element_type=\"widget\" data-widget_type=\"heading.default\">\n\t\t\t\t<div class=\"elementor-widget-container\">\n\t\t\t\t\t<h2 class=\"elementor-heading-title elementor-size-default\">Resolu\u00e7\u00f5es<\/h2>\t\t\t\t<\/div>\n\t\t\t\t<\/div>\n\t\t\t\t<div class=\"elementor-element elementor-element-7aa44f3 elementor-widget elementor-widget-text-editor\" data-id=\"7aa44f3\" data-element_type=\"widget\" data-widget_type=\"text-editor.default\">\n\t\t\t\t<div class=\"elementor-widget-container\">\n\t\t\t\t\t\t\t\t\t<p><a href=\"http:\/\/portal.mec.gov.br\/index.php?option=com_docman&amp;view=download&amp;alias=11663-rceb006-12-pdf&amp;category_slug=setembro-2012-pdf&amp;Itemid=30192\" target=\"_blank\" rel=\"noopener\"><strong>Resolu\u00e7\u00e3o CNE\/CEB n\u00ba 06\/2012<\/strong><\/a> &#8211; Define as Diretrizes Curriculares Nacionais para a Educa\u00e7\u00e3o Profissional T\u00e9cnica de N\u00edvel M\u00e9dio em especial os normativos relativos as sa\u00eddas intermedi\u00e1rias e a qualifica\u00e7\u00f5es.<\/p>\t\t\t\t\t\t\t\t<\/div>\n\t\t\t\t<\/div>\n\t\t\t\t<div class=\"elementor-element elementor-element-e37a62f elementor-widget-divider--view-line elementor-widget elementor-widget-divider\" data-id=\"e37a62f\" data-element_type=\"widget\" data-widget_type=\"divider.default\">\n\t\t\t\t<div class=\"elementor-widget-container\">\n\t\t\t\t\t\t\t<div class=\"elementor-divider\">\n\t\t\t<span class=\"elementor-divider-separator\">\n\t\t\t\t\t\t<\/span>\n\t\t<\/div>\n\t\t\t\t\t\t<\/div>\n\t\t\t\t<\/div>\n\t\t\t\t<div class=\"elementor-element elementor-element-a42ed6b elementor-widget elementor-widget-text-editor\" data-id=\"a42ed6b\" data-element_type=\"widget\" data-widget_type=\"text-editor.default\">\n\t\t\t\t<div class=\"elementor-widget-container\">\n\t\t\t\t\t\t\t\t\t<p><a href=\"http:\/\/portal.mec.gov.br\/index.php?option=com_docman&amp;view=download&amp;alias=167931-rcp001-21&amp;category_slug=janeiro-2021-pdf&amp;Itemid=30192\" target=\"_blank\" rel=\"noopener\"><strong>Resolu\u00e7\u00e3o CNE\/CP No 1\/2021<\/strong><\/a> &#8211; Define as Diretrizes Curriculares Nacionais Gerais para a Educa\u00e7\u00e3o Profissional e Tecnol\u00f3gica.<\/p>\t\t\t\t\t\t\t\t<\/div>\n\t\t\t\t<\/div>\n\t\t\t\t\t<\/div>\n\t\t<\/div>\n\t\t\t\t\t<\/div>\n\t\t<\/section>\n\t\t\t\t<\/div>\n\t\t","protected":false},"excerpt":{"rendered":"<p>Hist\u00f3ria Vamos conhecer um pouco mais sobre a profiss\u00e3o? Marcos regulat\u00f3rios, pareceres e documentos importantes. Leis Lei n\u00b0 1.234\/1950 &#8211; Confere direitos e vantagens a servidores que operam com Raios X e subst\u00e2ncias radioativas. Lei n\u00b0 7.394\/1985 &#8211; Regula o Exerc\u00edcio da Profiss\u00e3o de T\u00e9cnico em Radiologia, e d\u00e1 outras provid\u00eancias. Lei no 9.394\/1996\u00a0&#8211; Lei [&hellip;]<\/p>\n","protected":false},"author":4,"featured_media":0,"parent":0,"menu_order":0,"comment_status":"closed","ping_status":"closed","template":"elementor_header_footer","meta":{"_bbp_topic_count":0,"_bbp_reply_count":0,"_bbp_total_topic_count":0,"_bbp_total_reply_count":0,"_bbp_voice_count":0,"_bbp_anonymous_reply_count":0,"_bbp_topic_count_hidden":0,"_bbp_reply_count_hidden":0,"_bbp_forum_subforum_count":0,"_monsterinsights_skip_tracking":false,"_monsterinsights_sitenote_active":false,"_monsterinsights_sitenote_note":"","_monsterinsights_sitenote_category":0,"footnotes":""},"aioseo_notices":[],"_links":{"self":[{"href":"https:\/\/radiologiahub.com\/index.php\/wp-json\/wp\/v2\/pages\/810"}],"collection":[{"href":"https:\/\/radiologiahub.com\/index.php\/wp-json\/wp\/v2\/pages"}],"about":[{"href":"https:\/\/radiologiahub.com\/index.php\/wp-json\/wp\/v2\/types\/page"}],"author":[{"embeddable":true,"href":"https:\/\/radiologiahub.com\/index.php\/wp-json\/wp\/v2\/users\/4"}],"replies":[{"embeddable":true,"href":"https:\/\/radiologiahub.com\/index.php\/wp-json\/wp\/v2\/comments?post=810"}],"version-history":[{"count":34,"href":"https:\/\/radiologiahub.com\/index.php\/wp-json\/wp\/v2\/pages\/810\/revisions"}],"predecessor-version":[{"id":860,"href":"https:\/\/radiologiahub.com\/index.php\/wp-json\/wp\/v2\/pages\/810\/revisions\/860"}],"wp:attachment":[{"href":"https:\/\/radiologiahub.com\/index.php\/wp-json\/wp\/v2\/media?parent=810"}],"curies":[{"name":"wp","href":"https:\/\/api.w.org\/{rel}","templated":true}]}}