{"id":66,"date":"2023-11-14T21:53:00","date_gmt":"2023-11-15T00:53:00","guid":{"rendered":"https:\/\/radiologiahub.com\/?page_id=66"},"modified":"2023-11-27T18:24:29","modified_gmt":"2023-11-27T21:24:29","slug":"home-2","status":"publish","type":"page","link":"https:\/\/radiologiahub.com\/","title":{"rendered":"Home"},"content":{"rendered":"\t\t<div data-elementor-type=\"wp-page\" data-elementor-id=\"66\" class=\"elementor elementor-66\" data-elementor-post-type=\"page\">\n\t\t\t\t\t\t<section class=\"elementor-section elementor-top-section elementor-element elementor-element-adb7add elementor-section-boxed elementor-section-height-default elementor-section-height-default\" data-id=\"adb7add\" data-element_type=\"section\" data-settings=\"{&quot;background_background&quot;:&quot;classic&quot;}\">\n\t\t\t\t\t\t<div class=\"elementor-container elementor-column-gap-default\">\n\t\t\t\t\t<div class=\"elementor-column elementor-col-50 elementor-top-column elementor-element elementor-element-8cdb83b\" data-id=\"8cdb83b\" data-element_type=\"column\">\n\t\t\t<div class=\"elementor-widget-wrap elementor-element-populated\">\n\t\t\t\t\t\t<div class=\"elementor-element elementor-element-4d454ae elementor-widget elementor-widget-heading\" data-id=\"4d454ae\" data-element_type=\"widget\" data-widget_type=\"heading.default\">\n\t\t\t\t<div class=\"elementor-widget-container\">\n\t\t\t\t\t<h2 class=\"elementor-heading-title elementor-size-default\">Radiologia Hub<\/h2>\t\t\t\t<\/div>\n\t\t\t\t<\/div>\n\t\t\t\t<div class=\"elementor-element elementor-element-a21328f elementor-widget elementor-widget-heading\" data-id=\"a21328f\" data-element_type=\"widget\" data-widget_type=\"heading.default\">\n\t\t\t\t<div class=\"elementor-widget-container\">\n\t\t\t\t\t<h2 class=\"elementor-heading-title elementor-size-default\">A sua comunidade de tecnologia em radiologia.<\/h2>\t\t\t\t<\/div>\n\t\t\t\t<\/div>\n\t\t\t\t<div class=\"elementor-element elementor-element-37a1a25 elementor-widget elementor-widget-text-editor\" data-id=\"37a1a25\" data-element_type=\"widget\" data-widget_type=\"text-editor.default\">\n\t\t\t\t<div class=\"elementor-widget-container\">\n\t\t\t\t\t\t\t\t\t<p>Bem-vindo ao Radiologia Hub, onde o pulsar da atividade tecnol\u00f3gica em radiologia encontra seu lar. <br \/><br \/>Somos uma comunidade comprometida em compartilhar informa\u00e7\u00f5es sobre os avan\u00e7os mais recentes e relevantes na tecnologia radiol\u00f3gica em suas diversas \u00e1reas. <br \/><br \/><\/p>\t\t\t\t\t\t\t\t<\/div>\n\t\t\t\t<\/div>\n\t\t\t\t\t<\/div>\n\t\t<\/div>\n\t\t\t\t<div class=\"elementor-column elementor-col-50 elementor-top-column elementor-element elementor-element-371ac00\" data-id=\"371ac00\" data-element_type=\"column\">\n\t\t\t<div class=\"elementor-widget-wrap\">\n\t\t\t\t\t\t\t<\/div>\n\t\t<\/div>\n\t\t\t\t\t<\/div>\n\t\t<\/section>\n\t\t\t\t<section class=\"elementor-section elementor-top-section elementor-element elementor-element-98fba1f elementor-section-boxed elementor-section-height-default elementor-section-height-default\" data-id=\"98fba1f\" data-element_type=\"section\" data-settings=\"{&quot;background_background&quot;:&quot;classic&quot;}\">\n\t\t\t\t\t\t<div class=\"elementor-container elementor-column-gap-default\">\n\t\t\t\t\t<div class=\"elementor-column elementor-col-50 elementor-top-column elementor-element elementor-element-acb6903\" data-id=\"acb6903\" data-element_type=\"column\">\n\t\t\t<div class=\"elementor-widget-wrap\">\n\t\t\t\t\t\t\t<\/div>\n\t\t<\/div>\n\t\t\t\t<div class=\"elementor-column elementor-col-50 elementor-top-column elementor-element elementor-element-55a960e\" data-id=\"55a960e\" data-element_type=\"column\">\n\t\t\t<div class=\"elementor-widget-wrap elementor-element-populated\">\n\t\t\t\t\t\t<div class=\"elementor-element elementor-element-9f46c79 elementor-widget elementor-widget-text-editor\" data-id=\"9f46c79\" data-element_type=\"widget\" data-widget_type=\"text-editor.default\">\n\t\t\t\t<div class=\"elementor-widget-container\">\n\t\t\t\t\t\t\t\t\t<p>Aqui, mergulhamos fundo na Intelig\u00eancia Artificial, exploramos os horizontes do Deep Learning, discutimos pr\u00e1ticas profissionais que est\u00e3o moldando o futuro da radiologia e abra\u00e7amos o inovador ensino h\u00edbrido. <br \/><br \/>Seja voc\u00ea um tecn\u00f3logo experiente, um t\u00e9cnico \u00e1vido por conhecimento, um estudante ansioso por aprender ou simplesmente algu\u00e9m fascinado por essa \u00e1rea em constante evolu\u00e7\u00e3o &#8211; <strong>este ciberespa\u00e7o \u00e9 um ponto de encontro para todos.<\/strong><\/p>\t\t\t\t\t\t\t\t<\/div>\n\t\t\t\t<\/div>\n\t\t\t\t\t<\/div>\n\t\t<\/div>\n\t\t\t\t\t<\/div>\n\t\t<\/section>\n\t\t\t\t<section class=\"elementor-section elementor-top-section elementor-element elementor-element-6d124bd elementor-section-boxed elementor-section-height-default elementor-section-height-default\" data-id=\"6d124bd\" data-element_type=\"section\">\n\t\t\t\t\t\t<div class=\"elementor-container elementor-column-gap-default\">\n\t\t\t\t\t<div class=\"elementor-column elementor-col-100 elementor-top-column elementor-element elementor-element-f53402a\" data-id=\"f53402a\" data-element_type=\"column\">\n\t\t\t<div class=\"elementor-widget-wrap elementor-element-populated\">\n\t\t\t\t\t\t<div class=\"elementor-element elementor-element-6cca213 elementor-widget elementor-widget-heading\" data-id=\"6cca213\" data-element_type=\"widget\" data-widget_type=\"heading.default\">\n\t\t\t\t<div class=\"elementor-widget-container\">\n\t\t\t\t\t<h2 class=\"elementor-heading-title elementor-size-default\">Radiologia Hub<\/h2>\t\t\t\t<\/div>\n\t\t\t\t<\/div>\n\t\t\t\t<div class=\"elementor-element elementor-element-0a9626a elementor-widget elementor-widget-heading\" data-id=\"0a9626a\" data-element_type=\"widget\" data-widget_type=\"heading.default\">\n\t\t\t\t<div class=\"elementor-widget-container\">\n\t\t\t\t\t<h2 class=\"elementor-heading-title elementor-size-default\">Conectando voc\u00ea ao futuro da Radiologia<\/h2>\t\t\t\t<\/div>\n\t\t\t\t<\/div>\n\t\t\t\t\t<\/div>\n\t\t<\/div>\n\t\t\t\t\t<\/div>\n\t\t<\/section>\n\t\t\t\t<\/div>\n\t\t","protected":false},"excerpt":{"rendered":"<p>Radiologia Hub A sua comunidade de tecnologia em radiologia. Bem-vindo ao Radiologia Hub, onde o pulsar da atividade tecnol\u00f3gica em radiologia encontra seu lar. Somos uma comunidade comprometida em compartilhar informa\u00e7\u00f5es sobre os avan\u00e7os mais recentes e relevantes na tecnologia radiol\u00f3gica em suas diversas \u00e1reas. Aqui, mergulhamos fundo na Intelig\u00eancia Artificial, exploramos os horizontes do [&hellip;]<\/p>\n","protected":false},"author":3,"featured_media":587,"parent":0,"menu_order":0,"comment_status":"closed","ping_status":"closed","template":"elementor_header_footer","meta":{"_bbp_topic_count":0,"_bbp_reply_count":0,"_bbp_total_topic_count":0,"_bbp_total_reply_count":0,"_bbp_voice_count":0,"_bbp_anonymous_reply_count":0,"_bbp_topic_count_hidden":0,"_bbp_reply_count_hidden":0,"_bbp_forum_subforum_count":0,"_monsterinsights_skip_tracking":false,"_monsterinsights_sitenote_active":false,"_monsterinsights_sitenote_note":"","_monsterinsights_sitenote_category":0,"footnotes":""},"aioseo_notices":[],"_links":{"self":[{"href":"https:\/\/radiologiahub.com\/index.php\/wp-json\/wp\/v2\/pages\/66"}],"collection":[{"href":"https:\/\/radiologiahub.com\/index.php\/wp-json\/wp\/v2\/pages"}],"about":[{"href":"https:\/\/radiologiahub.com\/index.php\/wp-json\/wp\/v2\/types\/page"}],"author":[{"embeddable":true,"href":"https:\/\/radiologiahub.com\/index.php\/wp-json\/wp\/v2\/users\/3"}],"replies":[{"embeddable":true,"href":"https:\/\/radiologiahub.com\/index.php\/wp-json\/wp\/v2\/comments?post=66"}],"version-history":[{"count":94,"href":"https:\/\/radiologiahub.com\/index.php\/wp-json\/wp\/v2\/pages\/66\/revisions"}],"predecessor-version":[{"id":650,"href":"https:\/\/radiologiahub.com\/index.php\/wp-json\/wp\/v2\/pages\/66\/revisions\/650"}],"wp:featuredmedia":[{"embeddable":true,"href":"https:\/\/radiologiahub.com\/index.php\/wp-json\/wp\/v2\/media\/587"}],"wp:attachment":[{"href":"https:\/\/radiologiahub.com\/index.php\/wp-json\/wp\/v2\/media?parent=66"}],"curies":[{"name":"wp","href":"https:\/\/api.w.org\/{rel}","templated":true}]}}