{"id":65,"date":"2023-11-14T21:53:00","date_gmt":"2023-11-15T00:53:00","guid":{"rendered":"https:\/\/radiologiahub.com\/?page_id=65"},"modified":"2023-12-03T10:59:52","modified_gmt":"2023-12-03T13:59:52","slug":"quem-somos","status":"publish","type":"page","link":"https:\/\/radiologiahub.com\/index.php\/quem-somos\/","title":{"rendered":"Quem somos"},"content":{"rendered":"\t\t<div data-elementor-type=\"wp-page\" data-elementor-id=\"65\" class=\"elementor elementor-65\" data-elementor-post-type=\"page\">\n\t\t\t\t\t\t<section class=\"elementor-section elementor-top-section elementor-element elementor-element-bdfcaa7 elementor-section-boxed elementor-section-height-default elementor-section-height-default\" data-id=\"bdfcaa7\" data-element_type=\"section\">\n\t\t\t\t\t\t<div class=\"elementor-container elementor-column-gap-default\">\n\t\t\t\t\t<div class=\"elementor-column elementor-col-100 elementor-top-column elementor-element elementor-element-3fec796\" data-id=\"3fec796\" data-element_type=\"column\">\n\t\t\t<div class=\"elementor-widget-wrap elementor-element-populated\">\n\t\t\t\t\t\t<div class=\"elementor-element elementor-element-a54562f elementor-widget elementor-widget-heading\" data-id=\"a54562f\" data-element_type=\"widget\" data-widget_type=\"heading.default\">\n\t\t\t\t<div class=\"elementor-widget-container\">\n\t\t\t\t\t<h2 class=\"elementor-heading-title elementor-size-default\">RADIOLOGIA HUB<\/h2>\t\t\t\t<\/div>\n\t\t\t\t<\/div>\n\t\t\t\t<section class=\"elementor-section elementor-inner-section elementor-element elementor-element-35ed0ec elementor-section-boxed elementor-section-height-default elementor-section-height-default\" data-id=\"35ed0ec\" data-element_type=\"section\">\n\t\t\t\t\t\t<div class=\"elementor-container elementor-column-gap-default\">\n\t\t\t\t\t<div class=\"elementor-column elementor-col-50 elementor-inner-column elementor-element elementor-element-de3ecb4\" data-id=\"de3ecb4\" data-element_type=\"column\" data-settings=\"{&quot;background_background&quot;:&quot;classic&quot;}\">\n\t\t\t<div class=\"elementor-widget-wrap elementor-element-populated\">\n\t\t\t\t\t\t<div class=\"elementor-element elementor-element-dc2cfd4 elementor-widget elementor-widget-heading\" data-id=\"dc2cfd4\" data-element_type=\"widget\" data-widget_type=\"heading.default\">\n\t\t\t\t<div class=\"elementor-widget-container\">\n\t\t\t\t\t<h2 class=\"elementor-heading-title elementor-size-default\">Radiologia Hub<\/h2>\t\t\t\t<\/div>\n\t\t\t\t<\/div>\n\t\t\t\t<div class=\"elementor-element elementor-element-a2d28be elementor-widget elementor-widget-text-editor\" data-id=\"a2d28be\" data-element_type=\"widget\" data-widget_type=\"text-editor.default\">\n\t\t\t\t<div class=\"elementor-widget-container\">\n\t\t\t\t\t\t\t\t\t<p>A Radiologia Hub \u00e9 uma comunidade virtual de pr\u00e1ticas e aprendizagem em tecnologia em radiologia.<\/p><p>Aqui, mergulhamos fundo na Intelig\u00eancia Artificial, exploramos os horizontes do Deep Learning, discutimos pr\u00e1ticas profissionais que est\u00e3o moldando o futuro da radiologia e abra\u00e7amos o inovador ensino h\u00edbrido.<\/p><p>Seja voc\u00ea um(a) tecn\u00f3logo(a) experiente, t\u00e9cnico(a) \u00e1vido(a) por conhecimento, estudante ansioso(a) por aprender ou simplesmente algu\u00e9m fascinado(a) por essa \u00e1rea em constante evolu\u00e7\u00e3o &#8211; <strong>este ciberespa\u00e7o \u00e9 um ponto de encontro para todos. <\/strong><\/p><p>Na Radiologia Hub criamos um espa\u00e7o vibrante para discutir e aprimorar a sua forma\u00e7\u00e3o de tecnologia em radiologia. Grade Curricular, Itiner\u00e1rios formativos, trilhas do saber, aproveitamento de compet\u00eancias, s\u00e3o apenas alguns dos assuntos abordados. Seja parte de debates construtivos, compartilhe ideias e insights valiosos sobre seu percurso educacional na radiologia. Esse \u00e9 o lugar em que a pr\u00e1tica encontra o aprendizado e os estudantes moldam o futuro da sua forma\u00e7\u00e3o.<\/p><p>Conecte-se com colegas, especialistas e profissionais experientes nesta jornada de aprendizagem. A Radiologia Hub \u00e9 o seu f\u00f3rum central para explorar, questionar e colaborar na constru\u00e7\u00e3o de uma base s\u00f3lida para sua carreira na radiologia.<\/p><p><strong>Junte-se a n\u00f3s e participe da transforma\u00e7\u00e3o do futuro da radiologia hoje mesmo!<\/strong><\/p>\t\t\t\t\t\t\t\t<\/div>\n\t\t\t\t<\/div>\n\t\t\t\t\t<\/div>\n\t\t<\/div>\n\t\t\t\t<div class=\"elementor-column elementor-col-50 elementor-inner-column elementor-element elementor-element-3593bfa\" data-id=\"3593bfa\" data-element_type=\"column\">\n\t\t\t<div class=\"elementor-widget-wrap elementor-element-populated\">\n\t\t\t\t\t\t<div class=\"elementor-element elementor-element-3005370 elementor-widget elementor-widget-image\" data-id=\"3005370\" data-element_type=\"widget\" data-widget_type=\"image.default\">\n\t\t\t\t<div class=\"elementor-widget-container\">\n\t\t\t\t\t\t\t\t\t\t\t\t\t\t\t<img fetchpriority=\"high\" decoding=\"async\" width=\"850\" height=\"1000\" src=\"https:\/\/radiologiahub.com\/wp-content\/uploads\/2023\/11\/QUEM-SOMOS.jpg\" class=\"attachment-full size-full wp-image-587\" alt=\"\" srcset=\"https:\/\/radiologiahub.com\/wp-content\/uploads\/2023\/11\/QUEM-SOMOS.jpg 850w, https:\/\/radiologiahub.com\/wp-content\/uploads\/2023\/11\/QUEM-SOMOS-255x300.jpg 255w, https:\/\/radiologiahub.com\/wp-content\/uploads\/2023\/11\/QUEM-SOMOS-768x904.jpg 768w\" sizes=\"(max-width: 850px) 100vw, 850px\" \/>\t\t\t\t\t\t\t\t\t\t\t\t\t\t\t<\/div>\n\t\t\t\t<\/div>\n\t\t\t\t\t<\/div>\n\t\t<\/div>\n\t\t\t\t\t<\/div>\n\t\t<\/section>\n\t\t\t\t\t<\/div>\n\t\t<\/div>\n\t\t\t\t\t<\/div>\n\t\t<\/section>\n\t\t\t\t<\/div>\n\t\t","protected":false},"excerpt":{"rendered":"<p>RADIOLOGIA HUB Radiologia Hub A Radiologia Hub \u00e9 uma comunidade virtual de pr\u00e1ticas e aprendizagem em tecnologia em radiologia. Aqui, mergulhamos fundo na Intelig\u00eancia Artificial, exploramos os horizontes do Deep Learning, discutimos pr\u00e1ticas profissionais que est\u00e3o moldando o futuro da radiologia e abra\u00e7amos o inovador ensino h\u00edbrido. Seja voc\u00ea um(a) tecn\u00f3logo(a) experiente, t\u00e9cnico(a) \u00e1vido(a) por [&hellip;]<\/p>\n","protected":false},"author":3,"featured_media":0,"parent":0,"menu_order":0,"comment_status":"closed","ping_status":"closed","template":"elementor_header_footer","meta":{"_bbp_topic_count":0,"_bbp_reply_count":0,"_bbp_total_topic_count":0,"_bbp_total_reply_count":0,"_bbp_voice_count":0,"_bbp_anonymous_reply_count":0,"_bbp_topic_count_hidden":0,"_bbp_reply_count_hidden":0,"_bbp_forum_subforum_count":0,"_monsterinsights_skip_tracking":false,"_monsterinsights_sitenote_active":false,"_monsterinsights_sitenote_note":"","_monsterinsights_sitenote_category":0,"footnotes":""},"aioseo_notices":[],"_links":{"self":[{"href":"https:\/\/radiologiahub.com\/index.php\/wp-json\/wp\/v2\/pages\/65"}],"collection":[{"href":"https:\/\/radiologiahub.com\/index.php\/wp-json\/wp\/v2\/pages"}],"about":[{"href":"https:\/\/radiologiahub.com\/index.php\/wp-json\/wp\/v2\/types\/page"}],"author":[{"embeddable":true,"href":"https:\/\/radiologiahub.com\/index.php\/wp-json\/wp\/v2\/users\/3"}],"replies":[{"embeddable":true,"href":"https:\/\/radiologiahub.com\/index.php\/wp-json\/wp\/v2\/comments?post=65"}],"version-history":[{"count":75,"href":"https:\/\/radiologiahub.com\/index.php\/wp-json\/wp\/v2\/pages\/65\/revisions"}],"predecessor-version":[{"id":806,"href":"https:\/\/radiologiahub.com\/index.php\/wp-json\/wp\/v2\/pages\/65\/revisions\/806"}],"wp:attachment":[{"href":"https:\/\/radiologiahub.com\/index.php\/wp-json\/wp\/v2\/media?parent=65"}],"curies":[{"name":"wp","href":"https:\/\/api.w.org\/{rel}","templated":true}]}}