{"id":64,"date":"2023-11-14T21:53:00","date_gmt":"2023-11-15T00:53:00","guid":{"rendered":"https:\/\/radiologiahub.com\/?page_id=64"},"modified":"2023-12-02T12:04:27","modified_gmt":"2023-12-02T15:04:27","slug":"radiologia","status":"publish","type":"page","link":"https:\/\/radiologiahub.com\/index.php\/radiologia\/","title":{"rendered":"Profiss\u00e3o"},"content":{"rendered":"\t\t<div data-elementor-type=\"wp-page\" data-elementor-id=\"64\" class=\"elementor elementor-64\" data-elementor-post-type=\"page\">\n\t\t\t\t\t\t<section class=\"elementor-section elementor-top-section elementor-element elementor-element-c308024 elementor-section-boxed elementor-section-height-default elementor-section-height-default\" data-id=\"c308024\" data-element_type=\"section\">\n\t\t\t\t\t\t<div class=\"elementor-container elementor-column-gap-default\">\n\t\t\t\t\t<div class=\"elementor-column elementor-col-100 elementor-top-column elementor-element elementor-element-ac49b4b\" data-id=\"ac49b4b\" data-element_type=\"column\">\n\t\t\t<div class=\"elementor-widget-wrap elementor-element-populated\">\n\t\t\t\t\t\t<section class=\"elementor-section elementor-inner-section elementor-element elementor-element-aa6483c elementor-section-boxed elementor-section-height-default elementor-section-height-default\" data-id=\"aa6483c\" data-element_type=\"section\" data-settings=\"{&quot;background_background&quot;:&quot;classic&quot;}\">\n\t\t\t\t\t\t<div class=\"elementor-container elementor-column-gap-default\">\n\t\t\t\t\t<div class=\"elementor-column elementor-col-33 elementor-inner-column elementor-element elementor-element-55cf725\" data-id=\"55cf725\" data-element_type=\"column\">\n\t\t\t<div class=\"elementor-widget-wrap elementor-element-populated\">\n\t\t\t\t\t\t<div class=\"elementor-element elementor-element-33d1c8d elementor-widget elementor-widget-image\" data-id=\"33d1c8d\" data-element_type=\"widget\" data-widget_type=\"image.default\">\n\t\t\t\t<div class=\"elementor-widget-container\">\n\t\t\t\t\t\t\t\t\t\t\t\t\t\t\t<img fetchpriority=\"high\" decoding=\"async\" width=\"900\" height=\"1200\" src=\"https:\/\/radiologiahub.com\/wp-content\/uploads\/2023\/11\/foto-1.jpg\" class=\"elementor-animation-float attachment-full size-full wp-image-742\" alt=\"\" srcset=\"https:\/\/radiologiahub.com\/wp-content\/uploads\/2023\/11\/foto-1.jpg 900w, https:\/\/radiologiahub.com\/wp-content\/uploads\/2023\/11\/foto-1-225x300.jpg 225w, https:\/\/radiologiahub.com\/wp-content\/uploads\/2023\/11\/foto-1-768x1024.jpg 768w\" sizes=\"(max-width: 900px) 100vw, 900px\" \/>\t\t\t\t\t\t\t\t\t\t\t\t\t\t\t<\/div>\n\t\t\t\t<\/div>\n\t\t\t\t<div class=\"elementor-element elementor-element-0c68e3f elementor-widget elementor-widget-heading\" data-id=\"0c68e3f\" data-element_type=\"widget\" data-widget_type=\"heading.default\">\n\t\t\t\t<div class=\"elementor-widget-container\">\n\t\t\t\t\t<h2 class=\"elementor-heading-title elementor-size-default\">Radiodiagn\u00f3stico<\/h2>\t\t\t\t<\/div>\n\t\t\t\t<\/div>\n\t\t\t\t<div class=\"elementor-element elementor-element-889685a elementor-widget elementor-widget-text-editor\" data-id=\"889685a\" data-element_type=\"widget\" data-widget_type=\"text-editor.default\">\n\t\t\t\t<div class=\"elementor-widget-container\">\n\t\t\t\t\t\t\t\t\t<p>Se\u00e7\u00e3o destinada ao radiodiagn\u00f3stico m\u00e9dico e odontol\u00f3gico, aqui voc\u00ea encontra informa\u00e7\u00f5es e novidades sobre t\u00e9cnicas\/posicionamento radiogr\u00e1fico, Tomografia Computadorizada, Resson\u00e2ncia Magn\u00e9tica, Densitometria \u00d3ssea, Mamografia, Hemodin\u00e2mica e at\u00e9 a radiologia veterin\u00e1ria.<\/p>\t\t\t\t\t\t\t\t<\/div>\n\t\t\t\t<\/div>\n\t\t\t\t\t<\/div>\n\t\t<\/div>\n\t\t\t\t<div class=\"elementor-column elementor-col-33 elementor-inner-column elementor-element elementor-element-d354da2\" data-id=\"d354da2\" data-element_type=\"column\">\n\t\t\t<div class=\"elementor-widget-wrap elementor-element-populated\">\n\t\t\t\t\t\t<div class=\"elementor-element elementor-element-253ce76 elementor-widget elementor-widget-image\" data-id=\"253ce76\" data-element_type=\"widget\" data-widget_type=\"image.default\">\n\t\t\t\t<div class=\"elementor-widget-container\">\n\t\t\t\t\t\t\t\t\t\t\t\t\t\t\t<img decoding=\"async\" width=\"900\" height=\"1200\" src=\"https:\/\/radiologiahub.com\/wp-content\/uploads\/2023\/11\/foto-2.jpg\" class=\"elementor-animation-float attachment-full size-full wp-image-741\" alt=\"\" srcset=\"https:\/\/radiologiahub.com\/wp-content\/uploads\/2023\/11\/foto-2.jpg 900w, https:\/\/radiologiahub.com\/wp-content\/uploads\/2023\/11\/foto-2-225x300.jpg 225w, https:\/\/radiologiahub.com\/wp-content\/uploads\/2023\/11\/foto-2-768x1024.jpg 768w\" sizes=\"(max-width: 900px) 100vw, 900px\" \/>\t\t\t\t\t\t\t\t\t\t\t\t\t\t\t<\/div>\n\t\t\t\t<\/div>\n\t\t\t\t<div class=\"elementor-element elementor-element-3b36b14 elementor-widget elementor-widget-heading\" data-id=\"3b36b14\" data-element_type=\"widget\" data-widget_type=\"heading.default\">\n\t\t\t\t<div class=\"elementor-widget-container\">\n\t\t\t\t\t<h2 class=\"elementor-heading-title elementor-size-default\">Radioterapia<\/h2>\t\t\t\t<\/div>\n\t\t\t\t<\/div>\n\t\t\t\t<div class=\"elementor-element elementor-element-1641ff2 elementor-widget elementor-widget-text-editor\" data-id=\"1641ff2\" data-element_type=\"widget\" data-widget_type=\"text-editor.default\">\n\t\t\t\t<div class=\"elementor-widget-container\">\n\t\t\t\t\t\t\t\t\t<p>Aceleradores lineares (Linac), planejamento do tratamento, dosimetria e muito mais, nessa se\u00e7\u00e3o voc\u00ea vai ter contato com as novidades sobre o tratamento radioter\u00e1pico de ponta no Brasil e no mundo.<\/p>\t\t\t\t\t\t\t\t<\/div>\n\t\t\t\t<\/div>\n\t\t\t\t\t<\/div>\n\t\t<\/div>\n\t\t\t\t<div class=\"elementor-column elementor-col-33 elementor-inner-column elementor-element elementor-element-ddd58ae\" data-id=\"ddd58ae\" data-element_type=\"column\">\n\t\t\t<div class=\"elementor-widget-wrap elementor-element-populated\">\n\t\t\t\t\t\t<div class=\"elementor-element elementor-element-3a80070 elementor-widget elementor-widget-image\" data-id=\"3a80070\" data-element_type=\"widget\" data-widget_type=\"image.default\">\n\t\t\t\t<div class=\"elementor-widget-container\">\n\t\t\t\t\t\t\t\t\t\t\t\t\t\t\t<img decoding=\"async\" width=\"900\" height=\"1200\" src=\"https:\/\/radiologiahub.com\/wp-content\/uploads\/2023\/11\/foto-3.jpg\" class=\"elementor-animation-float attachment-full size-full wp-image-740\" alt=\"\" srcset=\"https:\/\/radiologiahub.com\/wp-content\/uploads\/2023\/11\/foto-3.jpg 900w, https:\/\/radiologiahub.com\/wp-content\/uploads\/2023\/11\/foto-3-225x300.jpg 225w, https:\/\/radiologiahub.com\/wp-content\/uploads\/2023\/11\/foto-3-768x1024.jpg 768w\" sizes=\"(max-width: 900px) 100vw, 900px\" \/>\t\t\t\t\t\t\t\t\t\t\t\t\t\t\t<\/div>\n\t\t\t\t<\/div>\n\t\t\t\t<div class=\"elementor-element elementor-element-6276958 elementor-widget elementor-widget-heading\" data-id=\"6276958\" data-element_type=\"widget\" data-widget_type=\"heading.default\">\n\t\t\t\t<div class=\"elementor-widget-container\">\n\t\t\t\t\t<h2 class=\"elementor-heading-title elementor-size-default\">Medicina Nuclear<\/h2>\t\t\t\t<\/div>\n\t\t\t\t<\/div>\n\t\t\t\t<div class=\"elementor-element elementor-element-f5cd784 elementor-widget elementor-widget-text-editor\" data-id=\"f5cd784\" data-element_type=\"widget\" data-widget_type=\"text-editor.default\">\n\t\t\t\t<div class=\"elementor-widget-container\">\n\t\t\t\t\t\t\t\t\t<p>PET-CT e SPECT, radiotra\u00e7adores, radiofarm\u00e1cia, venha conhecer todo o universo da medicina nuclear e ficar por dentro de tudo.<\/p>\t\t\t\t\t\t\t\t<\/div>\n\t\t\t\t<\/div>\n\t\t\t\t\t<\/div>\n\t\t<\/div>\n\t\t\t\t\t<\/div>\n\t\t<\/section>\n\t\t\t\t<section class=\"elementor-section elementor-inner-section elementor-element elementor-element-8139897 elementor-section-boxed elementor-section-height-default elementor-section-height-default\" data-id=\"8139897\" data-element_type=\"section\" data-settings=\"{&quot;background_background&quot;:&quot;classic&quot;}\">\n\t\t\t\t\t\t<div class=\"elementor-container elementor-column-gap-default\">\n\t\t\t\t\t<div class=\"elementor-column elementor-col-33 elementor-inner-column elementor-element elementor-element-5683e8b\" data-id=\"5683e8b\" data-element_type=\"column\">\n\t\t\t<div class=\"elementor-widget-wrap elementor-element-populated\">\n\t\t\t\t\t\t<div class=\"elementor-element elementor-element-bce334d elementor-widget elementor-widget-image\" data-id=\"bce334d\" data-element_type=\"widget\" data-widget_type=\"image.default\">\n\t\t\t\t<div class=\"elementor-widget-container\">\n\t\t\t\t\t\t\t\t\t\t\t\t\t\t\t<img loading=\"lazy\" decoding=\"async\" width=\"900\" height=\"1200\" src=\"https:\/\/radiologiahub.com\/wp-content\/uploads\/2023\/11\/foto-4.jpg\" class=\"elementor-animation-float attachment-full size-full wp-image-739\" alt=\"\" srcset=\"https:\/\/radiologiahub.com\/wp-content\/uploads\/2023\/11\/foto-4.jpg 900w, https:\/\/radiologiahub.com\/wp-content\/uploads\/2023\/11\/foto-4-225x300.jpg 225w, https:\/\/radiologiahub.com\/wp-content\/uploads\/2023\/11\/foto-4-768x1024.jpg 768w\" sizes=\"(max-width: 900px) 100vw, 900px\" \/>\t\t\t\t\t\t\t\t\t\t\t\t\t\t\t<\/div>\n\t\t\t\t<\/div>\n\t\t\t\t<div class=\"elementor-element elementor-element-dd788c1 elementor-widget elementor-widget-heading\" data-id=\"dd788c1\" data-element_type=\"widget\" data-widget_type=\"heading.default\">\n\t\t\t\t<div class=\"elementor-widget-container\">\n\t\t\t\t\t<h2 class=\"elementor-heading-title elementor-size-default\">Radiois\u00f3topos<\/h2>\t\t\t\t<\/div>\n\t\t\t\t<\/div>\n\t\t\t\t<div class=\"elementor-element elementor-element-015ca4b elementor-widget elementor-widget-text-editor\" data-id=\"015ca4b\" data-element_type=\"widget\" data-widget_type=\"text-editor.default\">\n\t\t\t\t<div class=\"elementor-widget-container\">\n\t\t\t\t\t\t\t\t\t<p>Fontes radioativas naturais, meia vida, radionucl\u00eddeos, cromo-51, tecn\u00e9cio \u2013 99, G\u00e1lio, T\u00e1lio! Nossa quantos radiois\u00f3topos. E voc\u00ea \u2026 tem alguma id\u00e9ia do que o tecn\u00f3logo em radiologia pode fazer.<\/p>\t\t\t\t\t\t\t\t<\/div>\n\t\t\t\t<\/div>\n\t\t\t\t\t<\/div>\n\t\t<\/div>\n\t\t\t\t<div class=\"elementor-column elementor-col-33 elementor-inner-column elementor-element elementor-element-2a5ca18\" data-id=\"2a5ca18\" data-element_type=\"column\">\n\t\t\t<div class=\"elementor-widget-wrap elementor-element-populated\">\n\t\t\t\t\t\t<div class=\"elementor-element elementor-element-efcb7cf elementor-widget elementor-widget-image\" data-id=\"efcb7cf\" data-element_type=\"widget\" data-widget_type=\"image.default\">\n\t\t\t\t<div class=\"elementor-widget-container\">\n\t\t\t\t\t\t\t\t\t\t\t\t\t\t\t<img loading=\"lazy\" decoding=\"async\" width=\"900\" height=\"1200\" src=\"https:\/\/radiologiahub.com\/wp-content\/uploads\/2023\/11\/foto-5.jpg\" class=\"elementor-animation-float attachment-full size-full wp-image-738\" alt=\"\" srcset=\"https:\/\/radiologiahub.com\/wp-content\/uploads\/2023\/11\/foto-5.jpg 900w, https:\/\/radiologiahub.com\/wp-content\/uploads\/2023\/11\/foto-5-225x300.jpg 225w, https:\/\/radiologiahub.com\/wp-content\/uploads\/2023\/11\/foto-5-768x1024.jpg 768w\" sizes=\"(max-width: 900px) 100vw, 900px\" \/>\t\t\t\t\t\t\t\t\t\t\t\t\t\t\t<\/div>\n\t\t\t\t<\/div>\n\t\t\t\t<div class=\"elementor-element elementor-element-520e7e8 elementor-widget elementor-widget-heading\" data-id=\"520e7e8\" data-element_type=\"widget\" data-widget_type=\"heading.default\">\n\t\t\t\t<div class=\"elementor-widget-container\">\n\t\t\t\t\t<h2 class=\"elementor-heading-title elementor-size-default\">Radiologia Industrial<\/h2>\t\t\t\t<\/div>\n\t\t\t\t<\/div>\n\t\t\t\t<div class=\"elementor-element elementor-element-34ccd76 elementor-widget elementor-widget-text-editor\" data-id=\"34ccd76\" data-element_type=\"widget\" data-widget_type=\"text-editor.default\">\n\t\t\t\t<div class=\"elementor-widget-container\">\n\t\t\t\t\t\t\t\t\t<p>A gest\u00e3o est\u00e1 inserida em nossa vida profissional, mesmo que seja a gest\u00e3o da pr\u00f3pria carreira. tecn\u00f3logo em radiologia da atualidade precisa desenvolver compet\u00eancias para monitorar, quantificar e otimizar a produ\u00e7\u00e3o de rejeitos radioativos; coordenar equipes de trabalho nos servi\u00e7os de diagn\u00f3stico por imagens; desenvolver, implantar, gerenciar, supervisionar e realizar programas de controle de qualidade e radioprote\u00e7\u00e3o; vistoriar, avaliar e emitir parecer t\u00e9cnico em sua \u00e1rea de forma\u00e7\u00e3o, al\u00e9m de outas habilidades.<\/p>\t\t\t\t\t\t\t\t<\/div>\n\t\t\t\t<\/div>\n\t\t\t\t\t<\/div>\n\t\t<\/div>\n\t\t\t\t<div class=\"elementor-column elementor-col-33 elementor-inner-column elementor-element elementor-element-9a495ab\" data-id=\"9a495ab\" data-element_type=\"column\">\n\t\t\t<div class=\"elementor-widget-wrap elementor-element-populated\">\n\t\t\t\t\t\t<div class=\"elementor-element elementor-element-34215a8 elementor-widget elementor-widget-image\" data-id=\"34215a8\" data-element_type=\"widget\" data-widget_type=\"image.default\">\n\t\t\t\t<div class=\"elementor-widget-container\">\n\t\t\t\t\t\t\t\t\t\t\t\t\t\t\t<img loading=\"lazy\" decoding=\"async\" width=\"900\" height=\"1200\" src=\"https:\/\/radiologiahub.com\/wp-content\/uploads\/2023\/11\/foto-6.jpg\" class=\"elementor-animation-float attachment-full size-full wp-image-737\" alt=\"\" srcset=\"https:\/\/radiologiahub.com\/wp-content\/uploads\/2023\/11\/foto-6.jpg 900w, https:\/\/radiologiahub.com\/wp-content\/uploads\/2023\/11\/foto-6-225x300.jpg 225w, https:\/\/radiologiahub.com\/wp-content\/uploads\/2023\/11\/foto-6-768x1024.jpg 768w\" sizes=\"(max-width: 900px) 100vw, 900px\" \/>\t\t\t\t\t\t\t\t\t\t\t\t\t\t\t<\/div>\n\t\t\t\t<\/div>\n\t\t\t\t<div class=\"elementor-element elementor-element-2c752fc elementor-widget elementor-widget-heading\" data-id=\"2c752fc\" data-element_type=\"widget\" data-widget_type=\"heading.default\">\n\t\t\t\t<div class=\"elementor-widget-container\">\n\t\t\t\t\t<h2 class=\"elementor-heading-title elementor-size-default\">Doc\u00eancia<\/h2>\t\t\t\t<\/div>\n\t\t\t\t<\/div>\n\t\t\t\t<div class=\"elementor-element elementor-element-9e6c537 elementor-widget elementor-widget-text-editor\" data-id=\"9e6c537\" data-element_type=\"widget\" data-widget_type=\"text-editor.default\">\n\t\t\t\t<div class=\"elementor-widget-container\">\n\t\t\t\t\t\t\t\t\t<p>E agora professor? Voc\u00ea conhece as compet\u00eancias necess\u00e1rias para desempenhar melhor a sua profiss\u00e3o? Vamos trocar experi\u00eancias de sala de aula. Metodologias ativas, aulas pr\u00e1ticas,\u00a0<em>blended learning<\/em>\u00a0e muito mais.<\/p>\t\t\t\t\t\t\t\t<\/div>\n\t\t\t\t<\/div>\n\t\t\t\t\t<\/div>\n\t\t<\/div>\n\t\t\t\t\t<\/div>\n\t\t<\/section>\n\t\t\t\t<section class=\"elementor-section elementor-inner-section elementor-element elementor-element-bd3814f elementor-section-boxed elementor-section-height-default elementor-section-height-default\" data-id=\"bd3814f\" data-element_type=\"section\" data-settings=\"{&quot;background_background&quot;:&quot;classic&quot;}\">\n\t\t\t\t\t\t<div class=\"elementor-container elementor-column-gap-default\">\n\t\t\t\t\t<div class=\"elementor-column elementor-col-100 elementor-inner-column elementor-element elementor-element-fc44018\" data-id=\"fc44018\" data-element_type=\"column\">\n\t\t\t<div class=\"elementor-widget-wrap elementor-element-populated\">\n\t\t\t\t\t\t<div class=\"elementor-element elementor-element-3613334 elementor-widget elementor-widget-image\" data-id=\"3613334\" data-element_type=\"widget\" data-widget_type=\"image.default\">\n\t\t\t\t<div class=\"elementor-widget-container\">\n\t\t\t\t\t\t\t\t\t\t\t\t\t\t\t<img loading=\"lazy\" decoding=\"async\" width=\"900\" height=\"1200\" src=\"https:\/\/radiologiahub.com\/wp-content\/uploads\/2023\/11\/foto-7.jpg\" class=\"elementor-animation-float attachment-full size-full wp-image-736\" alt=\"\" srcset=\"https:\/\/radiologiahub.com\/wp-content\/uploads\/2023\/11\/foto-7.jpg 900w, https:\/\/radiologiahub.com\/wp-content\/uploads\/2023\/11\/foto-7-225x300.jpg 225w, https:\/\/radiologiahub.com\/wp-content\/uploads\/2023\/11\/foto-7-768x1024.jpg 768w\" sizes=\"(max-width: 900px) 100vw, 900px\" \/>\t\t\t\t\t\t\t\t\t\t\t\t\t\t\t<\/div>\n\t\t\t\t<\/div>\n\t\t\t\t<div class=\"elementor-element elementor-element-d7f7e03 elementor-widget elementor-widget-heading\" data-id=\"d7f7e03\" data-element_type=\"widget\" data-widget_type=\"heading.default\">\n\t\t\t\t<div class=\"elementor-widget-container\">\n\t\t\t\t\t<h2 class=\"elementor-heading-title elementor-size-default\">Gest\u00e3o<\/h2>\t\t\t\t<\/div>\n\t\t\t\t<\/div>\n\t\t\t\t<div class=\"elementor-element elementor-element-bd742eb elementor-widget elementor-widget-text-editor\" data-id=\"bd742eb\" data-element_type=\"widget\" data-widget_type=\"text-editor.default\">\n\t\t\t\t<div class=\"elementor-widget-container\">\n\t\t\t\t\t\t\t\t\t<p>A gest\u00e3o est\u00e1 inserida em nossa vida profissional, mesmo que seja a gest\u00e3o da pr\u00f3pria carreira. tecn\u00f3logo em radiologia da atualidade precisa desenvolver compet\u00eancias para monitorar, quantificar e otimizar a produ\u00e7\u00e3o de rejeitos radioativos; coordenar equipes de trabalho nos servi\u00e7os de diagn\u00f3stico por imagens; desenvolver, implantar, gerenciar, supervisionar e realizar programas de controle de qualidade e radioprote\u00e7\u00e3o; vistoriar, avaliar e emitir parecer t\u00e9cnico em sua \u00e1rea de forma\u00e7\u00e3o, al\u00e9m de outas habilidades.<\/p>\t\t\t\t\t\t\t\t<\/div>\n\t\t\t\t<\/div>\n\t\t\t\t\t<\/div>\n\t\t<\/div>\n\t\t\t\t\t<\/div>\n\t\t<\/section>\n\t\t\t\t\t<\/div>\n\t\t<\/div>\n\t\t\t\t\t<\/div>\n\t\t<\/section>\n\t\t\t\t<\/div>\n\t\t","protected":false},"excerpt":{"rendered":"<p>Radiodiagn\u00f3stico Se\u00e7\u00e3o destinada ao radiodiagn\u00f3stico m\u00e9dico e odontol\u00f3gico, aqui voc\u00ea encontra informa\u00e7\u00f5es e novidades sobre t\u00e9cnicas\/posicionamento radiogr\u00e1fico, Tomografia Computadorizada, Resson\u00e2ncia Magn\u00e9tica, Densitometria \u00d3ssea, Mamografia, Hemodin\u00e2mica e at\u00e9 a radiologia veterin\u00e1ria. Radioterapia Aceleradores lineares (Linac), planejamento do tratamento, dosimetria e muito mais, nessa se\u00e7\u00e3o voc\u00ea vai ter contato com as novidades sobre o tratamento radioter\u00e1pico de [&hellip;]<\/p>\n","protected":false},"author":3,"featured_media":0,"parent":0,"menu_order":0,"comment_status":"closed","ping_status":"closed","template":"elementor_header_footer","meta":{"_bbp_topic_count":0,"_bbp_reply_count":0,"_bbp_total_topic_count":0,"_bbp_total_reply_count":0,"_bbp_voice_count":0,"_bbp_anonymous_reply_count":0,"_bbp_topic_count_hidden":0,"_bbp_reply_count_hidden":0,"_bbp_forum_subforum_count":0,"_monsterinsights_skip_tracking":false,"_monsterinsights_sitenote_active":false,"_monsterinsights_sitenote_note":"","_monsterinsights_sitenote_category":0,"footnotes":""},"aioseo_notices":[],"_links":{"self":[{"href":"https:\/\/radiologiahub.com\/index.php\/wp-json\/wp\/v2\/pages\/64"}],"collection":[{"href":"https:\/\/radiologiahub.com\/index.php\/wp-json\/wp\/v2\/pages"}],"about":[{"href":"https:\/\/radiologiahub.com\/index.php\/wp-json\/wp\/v2\/types\/page"}],"author":[{"embeddable":true,"href":"https:\/\/radiologiahub.com\/index.php\/wp-json\/wp\/v2\/users\/3"}],"replies":[{"embeddable":true,"href":"https:\/\/radiologiahub.com\/index.php\/wp-json\/wp\/v2\/comments?post=64"}],"version-history":[{"count":87,"href":"https:\/\/radiologiahub.com\/index.php\/wp-json\/wp\/v2\/pages\/64\/revisions"}],"predecessor-version":[{"id":797,"href":"https:\/\/radiologiahub.com\/index.php\/wp-json\/wp\/v2\/pages\/64\/revisions\/797"}],"wp:attachment":[{"href":"https:\/\/radiologiahub.com\/index.php\/wp-json\/wp\/v2\/media?parent=64"}],"curies":[{"name":"wp","href":"https:\/\/api.w.org\/{rel}","templated":true}]}}