{"id":638,"date":"2023-11-27T17:11:07","date_gmt":"2023-11-27T17:11:07","guid":{"rendered":"https:\/\/radiologiahub.com\/index.php\/community\/"},"modified":"2023-12-11T08:59:20","modified_gmt":"2023-12-11T11:59:20","slug":"community","status":"publish","type":"page","link":"https:\/\/radiologiahub.com\/index.php\/community\/","title":{"rendered":"Forum"},"content":{"rendered":"\t\t<div data-elementor-type=\"wp-page\" data-elementor-id=\"638\" class=\"elementor elementor-638\" data-elementor-post-type=\"page\">\n\t\t\t\t\t\t<section class=\"elementor-section elementor-top-section elementor-element elementor-element-335d81c3 elementor-section-boxed elementor-section-height-default elementor-section-height-default\" data-id=\"335d81c3\" data-element_type=\"section\" data-settings=\"{&quot;background_background&quot;:&quot;classic&quot;}\">\n\t\t\t\t\t\t<div class=\"elementor-container elementor-column-gap-default\">\n\t\t\t\t\t<div class=\"elementor-column elementor-col-100 elementor-top-column elementor-element elementor-element-569d4d08\" data-id=\"569d4d08\" data-element_type=\"column\" data-settings=\"{&quot;background_background&quot;:&quot;classic&quot;}\">\n\t\t\t<div class=\"elementor-widget-wrap elementor-element-populated\">\n\t\t\t\t\t\t<div class=\"elementor-element elementor-element-5e613c9a elementor-widget elementor-widget-text-editor\" data-id=\"5e613c9a\" data-element_type=\"widget\" data-widget_type=\"text-editor.default\">\n\t\t\t\t<div class=\"elementor-widget-container\">\n\t\t\t\t\t\t\t\t\t<p><\/p>\n<h3 class=\"wp-block-heading\"><strong>Bem-vindo(a) a se\u00e7\u00e3o de f\u00f3runs da Comunidade<span style=\"color: #f80072;\">&nbsp;Radiologia Hub!<\/span><\/strong><\/h3>\n<p><\/p>\n<p>Aqui \u00e9 o epicentro dos debates! Estudantes, profissionais e entusiastas se re\u00fanem para analisar e debater os principais t\u00f3picos sobre a profiss\u00e3o guiados por especialistas, professores e pesquisadores de cada \u00e1rea.<\/p>\n<p>Vamos construir o Futuro da Radiologia Juntos!<\/p>\n<ul>\n<li>Explore t\u00f3picos cruciais sobre a pr\u00e1tica profissional;<\/li>\n<li>Compartilhe experi\u00eancias, d\u00favidas e novidades;<\/li>\n<li>Participe das discuss\u00f5es para compartilhar o conhecimento sobre a nossa profiss\u00e3o;<\/li>\n<li>Escolha um assunto e interaja com pessoas de qualquer lugar;<\/li>\n<li>Registre-se e torne-se membro da comunidade Radiologia Hub.<\/li>\n<\/ul>\n<p>Sejam muito bem-vindos (as) !<\/p>\n<p><\/p>\n\t\t\t\t\t\t\t\t<\/div>\n\t\t\t\t<\/div>\n\t\t\t\t\t<\/div>\n\t\t<\/div>\n\t\t\t\t\t<\/div>\n\t\t<\/section>\n\t\t\t\t<\/div>\n\t\t","protected":false},"excerpt":{"rendered":"<p>Bem-vindo(a) a se\u00e7\u00e3o de f\u00f3runs da Comunidade&nbsp;Radiologia Hub! Aqui \u00e9 o epicentro dos debates! Estudantes, profissionais e entusiastas se re\u00fanem para analisar e debater os principais t\u00f3picos sobre a profiss\u00e3o guiados por especialistas, professores e pesquisadores de cada \u00e1rea. Vamos construir o Futuro da Radiologia Juntos! Explore t\u00f3picos cruciais sobre a pr\u00e1tica profissional; Compartilhe experi\u00eancias, [&hellip;]<\/p>\n","protected":false},"author":4,"featured_media":0,"parent":0,"menu_order":0,"comment_status":"close","ping_status":"close","template":"","meta":{"_bbp_topic_count":0,"_bbp_reply_count":0,"_bbp_total_topic_count":0,"_bbp_total_reply_count":0,"_bbp_voice_count":0,"_bbp_anonymous_reply_count":0,"_bbp_topic_count_hidden":0,"_bbp_reply_count_hidden":0,"_bbp_forum_subforum_count":0,"_monsterinsights_skip_tracking":false,"_monsterinsights_sitenote_active":false,"_monsterinsights_sitenote_note":"","_monsterinsights_sitenote_category":0,"footnotes":""},"aioseo_notices":[],"_links":{"self":[{"href":"https:\/\/radiologiahub.com\/index.php\/wp-json\/wp\/v2\/pages\/638"}],"collection":[{"href":"https:\/\/radiologiahub.com\/index.php\/wp-json\/wp\/v2\/pages"}],"about":[{"href":"https:\/\/radiologiahub.com\/index.php\/wp-json\/wp\/v2\/types\/page"}],"author":[{"embeddable":true,"href":"https:\/\/radiologiahub.com\/index.php\/wp-json\/wp\/v2\/users\/4"}],"replies":[{"embeddable":true,"href":"https:\/\/radiologiahub.com\/index.php\/wp-json\/wp\/v2\/comments?post=638"}],"version-history":[{"count":46,"href":"https:\/\/radiologiahub.com\/index.php\/wp-json\/wp\/v2\/pages\/638\/revisions"}],"predecessor-version":[{"id":959,"href":"https:\/\/radiologiahub.com\/index.php\/wp-json\/wp\/v2\/pages\/638\/revisions\/959"}],"wp:attachment":[{"href":"https:\/\/radiologiahub.com\/index.php\/wp-json\/wp\/v2\/media?parent=638"}],"curies":[{"name":"wp","href":"https:\/\/api.w.org\/{rel}","templated":true}]}}